{"id":195,"date":"2014-06-08T09:14:50","date_gmt":"2014-06-08T09:14:50","guid":{"rendered":"https:\/\/empleo.ugr.es\/salidasprofesionales\/?page_id=195"},"modified":"2020-01-04T00:31:11","modified_gmt":"2020-01-03T23:31:11","slug":"presentacion","status":"publish","type":"page","link":"https:\/\/empleo.ugr.es\/salidasprofesionales\/presentacion\/","title":{"rendered":"Presentaci\u00f3n"},"content":{"rendered":"\t\t<div data-elementor-type=\"wp-page\" data-elementor-id=\"195\" class=\"elementor elementor-195\" data-elementor-post-type=\"page\">\n\t\t\t\t\t\t<section class=\"elementor-section elementor-top-section elementor-element elementor-element-3afce9a9 elementor-section-boxed elementor-section-height-default elementor-section-height-default\" data-id=\"3afce9a9\" data-element_type=\"section\">\n\t\t\t\t\t\t<div class=\"elementor-container elementor-column-gap-default\">\n\t\t\t\t\t<div class=\"elementor-column elementor-col-100 elementor-top-column elementor-element elementor-element-182acc55\" data-id=\"182acc55\" data-element_type=\"column\">\n\t\t\t<div class=\"elementor-widget-wrap elementor-element-populated\">\n\t\t\t\t\t\t<div class=\"elementor-element elementor-element-975506b elementor-widget elementor-widget-image\" data-id=\"975506b\" data-element_type=\"widget\" data-widget_type=\"image.default\">\n\t\t\t\t<div class=\"elementor-widget-container\">\n\t\t\t\t\t\t\t\t\t\t\t\t\t<img fetchpriority=\"high\" decoding=\"async\" width=\"672\" height=\"227\" src=\"https:\/\/empleo.ugr.es\/salidasprofesionales\/wp-content\/uploads\/2020\/01\/presentacion.jpg\" class=\"attachment-full size-full wp-image-3887\" alt=\"\" srcset=\"https:\/\/empleo.ugr.es\/salidasprofesionales\/wp-content\/uploads\/2020\/01\/presentacion.jpg 672w, https:\/\/empleo.ugr.es\/salidasprofesionales\/wp-content\/uploads\/2020\/01\/presentacion-300x101.jpg 300w\" sizes=\"(max-width: 672px) 100vw, 672px\" \/>\t\t\t\t\t\t\t\t\t\t\t\t\t<\/div>\n\t\t\t\t<\/div>\n\t\t\t\t<div class=\"elementor-element elementor-element-0d45cea elementor-widget elementor-widget-heading\" data-id=\"0d45cea\" data-element_type=\"widget\" data-widget_type=\"heading.default\">\n\t\t\t\t<div class=\"elementor-widget-container\">\n\t\t\t<h2 class=\"elementor-heading-title elementor-size-default\">Presentaci\u00f3n<\/h2>\t\t<\/div>\n\t\t\t\t<\/div>\n\t\t\t\t<div class=\"elementor-element elementor-element-2df68ba4 elementor-widget elementor-widget-text-editor\" data-id=\"2df68ba4\" data-element_type=\"widget\" data-widget_type=\"text-editor.default\">\n\t\t\t\t<div class=\"elementor-widget-container\">\n\t\t\t\t\t\t\t<p>Una de las se\u00f1as de identidad de la Universidad de Granada es mejorar la empleabilidad de sus estudiantes y egresados con el fin de facilitarles su futura inserci\u00f3n en el mercado de trabajo.<\/p><p>Con este prop\u00f3sito, lleva a cabo una serie de actuaciones centradas en desarrollar diferentes capacidades asociadas a la empleabilidad en la docencia de grado, posgrado y formaci\u00f3n continua, fomentar las pr\u00e1cticas en empresas (curriculares y extracurriculares), potenciar la orientaci\u00f3n profesional, celebrar ferias y eventos de empleo o generar alianzas y redes para la promoci\u00f3n de la empleabilidad.<\/p><p>Pero, la universidad tambi\u00e9n cuenta con esta <strong>Gu\u00eda de Salidas Profesionales<\/strong> que presentamos, en la que se ofrece informaci\u00f3n general de todos los grados que se imparten en la Ugr, los perfiles competenciales de cada uno de ellos, los \u00e1mbitos de inserci\u00f3n profesional, las distintas ocupaciones en las que se pueden emplear los egresados, indicaciones sobre perspectivas laborales y algunas otras consideraciones de inter\u00e9s de esas titulaciones.<\/p><p>En definitiva, se trata de una herramienta necesaria y \u00fatil tanto para estudiantes como para egresados, orientadores universitarios y de institutos de educaci\u00f3n secundaria, padres o empresas, ya que est\u00e1 dirigida a:<\/p><ul><li>Ofrecer informaci\u00f3n relevante para que los universitarios puedan conocer las diferentes alternativas y salidas profesionales que ofrecen los estudios universitarios.<\/li><li>Servir de orientaci\u00f3n a estudiantes preuniversitarios en la elecci\u00f3n de su titulaci\u00f3n universitaria en funci\u00f3n del conocimiento de las distintas \u00e1reas de trabajo y oportunidades laborales asociadas a sus futuros estudios.<\/li><li>Facilitar la labor de los orientadores, educadores y padres.<\/li><li>Proporcionar a las empresas y entidades la oferta de perfiles profesionales que las titulaciones de la Universidad de Granada ofrecen, mejorando as\u00ed la empleabilidad de nuestros estudiantes.<\/li><\/ul><div>\u00a0<\/div><p>Esperamos que esta Gu\u00eda, por el formato accesible y din\u00e1mico que tiene, as\u00ed como por su constante actualizaci\u00f3n, contribuya a mejorar la toma de decisiones a la hora de elegir unos estudios universitarios, a conocer mejor los Grados que se imparten en la universidad y su vinculaci\u00f3n con el mercado de trabajo, o a favorecer la inserci\u00f3n laboral de nuestros estudiantes y egresados, al menos, con esa ilusi\u00f3n la hemos creado.<\/p><p>\u00a0<\/p><p>\u00a0<\/p><p style=\"text-align: right;\"><b>Antonio Delgado Padial<\/b><\/p><p style=\"text-align: right;\"><i>Director del Centro de Promoci\u00f3n de Empleo y Pr\u00e1cticas<\/i><\/p><p style=\"text-align: right;\"><i>Universidad de Granada<\/i><\/p>\t\t\t\t\t\t<\/div>\n\t\t\t\t<\/div>\n\t\t\t\t\t<\/div>\n\t\t<\/div>\n\t\t\t\t\t<\/div>\n\t\t<\/section>\n\t\t\t\t<\/div>\n\t\t","protected":false},"excerpt":{"rendered":"<p>Presentaci\u00f3n Una de las se\u00f1as de identidad de la Universidad de Granada es mejorar la empleabilidad de sus estudiantes y egresados con el fin de facilitarles su futura inserci\u00f3n en el mercado de trabajo. Con este prop\u00f3sito, lleva a cabo una serie de actuaciones centradas en desarrollar diferentes capacidades asociadas a la empleabilidad en la [&hellip;]<\/p>\n","protected":false},"author":2,"featured_media":0,"parent":0,"menu_order":0,"comment_status":"open","ping_status":"open","template":"elementor_header_footer","meta":{"footnotes":""},"acf":[],"_links":{"self":[{"href":"https:\/\/empleo.ugr.es\/salidasprofesionales\/wp-json\/wp\/v2\/pages\/195"}],"collection":[{"href":"https:\/\/empleo.ugr.es\/salidasprofesionales\/wp-json\/wp\/v2\/pages"}],"about":[{"href":"https:\/\/empleo.ugr.es\/salidasprofesionales\/wp-json\/wp\/v2\/types\/page"}],"author":[{"embeddable":true,"href":"https:\/\/empleo.ugr.es\/salidasprofesionales\/wp-json\/wp\/v2\/users\/2"}],"replies":[{"embeddable":true,"href":"https:\/\/empleo.ugr.es\/salidasprofesionales\/wp-json\/wp\/v2\/comments?post=195"}],"version-history":[{"count":21,"href":"https:\/\/empleo.ugr.es\/salidasprofesionales\/wp-json\/wp\/v2\/pages\/195\/revisions"}],"predecessor-version":[{"id":4019,"href":"https:\/\/empleo.ugr.es\/salidasprofesionales\/wp-json\/wp\/v2\/pages\/195\/revisions\/4019"}],"wp:attachment":[{"href":"https:\/\/empleo.ugr.es\/salidasprofesionales\/wp-json\/wp\/v2\/media?parent=195"}],"curies":[{"name":"wp","href":"https:\/\/api.w.org\/{rel}","templated":true}]}}