{"id":33,"date":"2014-05-26T09:29:51","date_gmt":"2014-05-26T09:29:51","guid":{"rendered":"https:\/\/empleo.ugr.es\/salidasprofesionales\/?page_id=33"},"modified":"2020-01-10T09:12:54","modified_gmt":"2020-01-10T08:12:54","slug":"todos-los-grados","status":"publish","type":"page","link":"https:\/\/empleo.ugr.es\/salidasprofesionales\/todos-los-grados\/","title":{"rendered":"Todos los Grados"},"content":{"rendered":"\t\t<div data-elementor-type=\"wp-page\" data-elementor-id=\"33\" class=\"elementor elementor-33\" data-elementor-post-type=\"page\">\n\t\t\t\t\t\t<section class=\"elementor-section elementor-top-section elementor-element elementor-element-5565d70 elementor-section-content-middle elementor-section-boxed elementor-section-height-default elementor-section-height-default\" data-id=\"5565d70\" data-element_type=\"section\">\n\t\t\t\t\t\t\t<div class=\"elementor-background-overlay\"><\/div>\n\t\t\t\t\t\t\t<div class=\"elementor-container elementor-column-gap-no\">\n\t\t\t\t\t<div class=\"elementor-column elementor-col-100 elementor-top-column elementor-element elementor-element-acb4461\" data-id=\"acb4461\" data-element_type=\"column\">\n\t\t\t<div class=\"elementor-widget-wrap elementor-element-populated\">\n\t\t\t\t\t\t<div class=\"elementor-element elementor-element-2daf6fa elementor-widget elementor-widget-heading\" data-id=\"2daf6fa\" data-element_type=\"widget\" data-widget_type=\"heading.default\">\n\t\t\t\t<div class=\"elementor-widget-container\">\n\t\t\t<h4 class=\"elementor-heading-title elementor-size-default\">\u00bfPor d\u00f3nde quieres empezar?<\/h4>\t\t<\/div>\n\t\t\t\t<\/div>\n\t\t\t\t<div class=\"elementor-element elementor-element-1556a72 elementor-widget elementor-widget-text-editor\" data-id=\"1556a72\" data-element_type=\"widget\" data-widget_type=\"text-editor.default\">\n\t\t\t\t<div class=\"elementor-widget-container\">\n\t\t\t\t\t\t\t<p>Selecciona un \u00e1rea de conocimiento<\/p>\t\t\t\t\t\t<\/div>\n\t\t\t\t<\/div>\n\t\t\t\t\t<\/div>\n\t\t<\/div>\n\t\t\t\t\t<\/div>\n\t\t<\/section>\n\t\t\t\t<section class=\"elementor-section elementor-top-section elementor-element elementor-element-75b9a4b elementor-section-content-middle elementor-section-boxed elementor-section-height-default elementor-section-height-default\" data-id=\"75b9a4b\" data-element_type=\"section\">\n\t\t\t\t\t\t<div class=\"elementor-container elementor-column-gap-default\">\n\t\t\t\t\t<div class=\"make-column-clickable-elementor elementor-column elementor-col-20 elementor-top-column elementor-element elementor-element-b3e98bf\" style=\"cursor: pointer;\" data-column-clickable=\"\/salidasprofesionales\/todos-los-grados\/artes-y-humanidades\/\" data-column-clickable-blank=\"_self\" data-id=\"b3e98bf\" data-element_type=\"column\" data-settings=\"{&quot;background_background&quot;:&quot;classic&quot;}\">\n\t\t\t<div class=\"elementor-widget-wrap elementor-element-populated\">\n\t\t\t\t\t<div class=\"elementor-background-overlay\"><\/div>\n\t\t\t\t\t\t<div class=\"elementor-element elementor-element-33f773e elementor-widget elementor-widget-text-editor\" data-id=\"33f773e\" data-element_type=\"widget\" data-widget_type=\"text-editor.default\">\n\t\t\t\t<div class=\"elementor-widget-container\">\n\t\t\t\t\t\t\t<p>Artes y humanidades<\/p>\t\t\t\t\t\t<\/div>\n\t\t\t\t<\/div>\n\t\t\t\t\t<\/div>\n\t\t<\/div>\n\t\t\t\t<div class=\"make-column-clickable-elementor elementor-column elementor-col-20 elementor-top-column elementor-element elementor-element-2a9dd75\" style=\"cursor: pointer;\" data-column-clickable=\"\/salidasprofesionales\/todos-los-grados\/ciencias\" data-column-clickable-blank=\"_self\" data-id=\"2a9dd75\" data-element_type=\"column\" data-settings=\"{&quot;background_background&quot;:&quot;classic&quot;}\">\n\t\t\t<div class=\"elementor-widget-wrap elementor-element-populated\">\n\t\t\t\t\t<div class=\"elementor-background-overlay\"><\/div>\n\t\t\t\t\t\t<div class=\"elementor-element elementor-element-28dac26 elementor-widget elementor-widget-text-editor\" data-id=\"28dac26\" data-element_type=\"widget\" data-widget_type=\"text-editor.default\">\n\t\t\t\t<div class=\"elementor-widget-container\">\n\t\t\t\t\t\t\t<p>Ciencias<\/p>\t\t\t\t\t\t<\/div>\n\t\t\t\t<\/div>\n\t\t\t\t\t<\/div>\n\t\t<\/div>\n\t\t\t\t<div class=\"make-column-clickable-elementor elementor-column elementor-col-20 elementor-top-column elementor-element elementor-element-43960e8\" style=\"cursor: pointer;\" data-column-clickable=\"\/salidasprofesionales\/todos-los-grados\/ciencias-sociales-y-juridicas\" data-column-clickable-blank=\"_self\" data-id=\"43960e8\" data-element_type=\"column\" data-settings=\"{&quot;background_background&quot;:&quot;classic&quot;}\">\n\t\t\t<div class=\"elementor-widget-wrap elementor-element-populated\">\n\t\t\t\t\t<div class=\"elementor-background-overlay\"><\/div>\n\t\t\t\t\t\t<div class=\"elementor-element elementor-element-9c73dde elementor-widget elementor-widget-text-editor\" data-id=\"9c73dde\" data-element_type=\"widget\" data-widget_type=\"text-editor.default\">\n\t\t\t\t<div class=\"elementor-widget-container\">\n\t\t\t\t\t\t\t<p>Ciencias Sociales y Jur\u00eddicas<\/p>\t\t\t\t\t\t<\/div>\n\t\t\t\t<\/div>\n\t\t\t\t\t<\/div>\n\t\t<\/div>\n\t\t\t\t<div class=\"make-column-clickable-elementor elementor-column elementor-col-20 elementor-top-column elementor-element elementor-element-4cf9572\" style=\"cursor: pointer;\" data-column-clickable=\"\/salidasprofesionales\/todos-los-grados\/ciencias-de-la-salud\" data-column-clickable-blank=\"_self\" data-id=\"4cf9572\" data-element_type=\"column\" data-settings=\"{&quot;background_background&quot;:&quot;classic&quot;}\">\n\t\t\t<div class=\"elementor-widget-wrap elementor-element-populated\">\n\t\t\t\t\t<div class=\"elementor-background-overlay\"><\/div>\n\t\t\t\t\t\t<div class=\"elementor-element elementor-element-bffce0d elementor-widget elementor-widget-text-editor\" data-id=\"bffce0d\" data-element_type=\"widget\" data-widget_type=\"text-editor.default\">\n\t\t\t\t<div class=\"elementor-widget-container\">\n\t\t\t\t\t\t\t<p>Ciencias de la salud<\/p>\t\t\t\t\t\t<\/div>\n\t\t\t\t<\/div>\n\t\t\t\t\t<\/div>\n\t\t<\/div>\n\t\t\t\t<div class=\"make-column-clickable-elementor elementor-column elementor-col-20 elementor-top-column elementor-element elementor-element-82d42ee\" style=\"cursor: pointer;\" data-column-clickable=\"\/salidasprofesionales\/todos-los-grados\/ingenierias-y-arquitectura\" data-column-clickable-blank=\"_self\" data-id=\"82d42ee\" data-element_type=\"column\" data-settings=\"{&quot;background_background&quot;:&quot;classic&quot;}\">\n\t\t\t<div class=\"elementor-widget-wrap elementor-element-populated\">\n\t\t\t\t\t<div class=\"elementor-background-overlay\"><\/div>\n\t\t\t\t\t\t<div class=\"elementor-element elementor-element-decf95c elementor-widget elementor-widget-text-editor\" data-id=\"decf95c\" data-element_type=\"widget\" data-widget_type=\"text-editor.default\">\n\t\t\t\t<div class=\"elementor-widget-container\">\n\t\t\t\t\t\t\t<p>Ingenier\u00edas y arquitectura<\/p>\t\t\t\t\t\t<\/div>\n\t\t\t\t<\/div>\n\t\t\t\t\t<\/div>\n\t\t<\/div>\n\t\t\t\t\t<\/div>\n\t\t<\/section>\n\t\t\t\t<section class=\"elementor-section elementor-top-section elementor-element elementor-element-d25b917 elementor-section-boxed elementor-section-height-default elementor-section-height-default\" data-id=\"d25b917\" data-element_type=\"section\">\n\t\t\t\t\t\t<div class=\"elementor-container elementor-column-gap-default\">\n\t\t\t\t\t<div class=\"elementor-column elementor-col-100 elementor-top-column elementor-element elementor-element-d315216\" data-id=\"d315216\" data-element_type=\"column\">\n\t\t\t<div class=\"elementor-widget-wrap elementor-element-populated\">\n\t\t\t\t\t\t<div class=\"elementor-element elementor-element-2c6c045 elementor-widget elementor-widget-text-editor\" data-id=\"2c6c045\" data-element_type=\"widget\" data-widget_type=\"text-editor.default\">\n\t\t\t\t<div class=\"elementor-widget-container\">\n\t\t\t\t\t\t\tEl punto de partida para la elaboraci\u00f3n de estas fichas ha sido fundamentalmente la formaci\u00f3n universitaria. Por tanto, el paso al contenido de cada una de ellas queda marcado con la selecci\u00f3n de cada Grado.\n\nPara facilitar su consulta las fichas se han ordenado en 5 \u00e1reas de ense\u00f1anza, Arte y Humanidades, Ciencias, Sanitarias, Ingenier\u00eda y Arquitectura, y Sociales y Jur\u00eddicas.\t\t\t\t\t\t<\/div>\n\t\t\t\t<\/div>\n\t\t\t\t\t<\/div>\n\t\t<\/div>\n\t\t\t\t\t<\/div>\n\t\t<\/section>\n\t\t\t\t<\/div>\n\t\t","protected":false},"excerpt":{"rendered":"<p>\u00bfPor d\u00f3nde quieres empezar? Selecciona un \u00e1rea de conocimiento Artes y humanidades Ciencias Ciencias Sociales y Jur\u00eddicas Ciencias de la salud Ingenier\u00edas y arquitectura El punto de partida para la elaboraci\u00f3n de estas fichas ha sido fundamentalmente la formaci\u00f3n universitaria. Por tanto, el paso al contenido de cada una de ellas queda marcado con la [&hellip;]<\/p>\n","protected":false},"author":2,"featured_media":0,"parent":0,"menu_order":0,"comment_status":"closed","ping_status":"open","template":"","meta":{"footnotes":""},"acf":[],"_links":{"self":[{"href":"https:\/\/empleo.ugr.es\/salidasprofesionales\/wp-json\/wp\/v2\/pages\/33"}],"collection":[{"href":"https:\/\/empleo.ugr.es\/salidasprofesionales\/wp-json\/wp\/v2\/pages"}],"about":[{"href":"https:\/\/empleo.ugr.es\/salidasprofesionales\/wp-json\/wp\/v2\/types\/page"}],"author":[{"embeddable":true,"href":"https:\/\/empleo.ugr.es\/salidasprofesionales\/wp-json\/wp\/v2\/users\/2"}],"replies":[{"embeddable":true,"href":"https:\/\/empleo.ugr.es\/salidasprofesionales\/wp-json\/wp\/v2\/comments?post=33"}],"version-history":[{"count":11,"href":"https:\/\/empleo.ugr.es\/salidasprofesionales\/wp-json\/wp\/v2\/pages\/33\/revisions"}],"predecessor-version":[{"id":4073,"href":"https:\/\/empleo.ugr.es\/salidasprofesionales\/wp-json\/wp\/v2\/pages\/33\/revisions\/4073"}],"wp:attachment":[{"href":"https:\/\/empleo.ugr.es\/salidasprofesionales\/wp-json\/wp\/v2\/media?parent=33"}],"curies":[{"name":"wp","href":"https:\/\/api.w.org\/{rel}","templated":true}]}}