{"id":358,"date":"2014-06-13T08:09:11","date_gmt":"2014-06-13T08:09:11","guid":{"rendered":"https:\/\/empleo.ugr.es\/salidasprofesionales\/?page_id=358"},"modified":"2020-01-04T00:55:11","modified_gmt":"2020-01-03T23:55:11","slug":"ayuda","status":"publish","type":"page","link":"https:\/\/empleo.ugr.es\/salidasprofesionales\/ayuda\/","title":{"rendered":"Ayuda"},"content":{"rendered":"\t\t<div data-elementor-type=\"wp-page\" data-elementor-id=\"358\" class=\"elementor elementor-358\" data-elementor-post-type=\"page\">\n\t\t\t\t\t\t<section class=\"elementor-section elementor-top-section elementor-element elementor-element-ffd97bd elementor-section-boxed elementor-section-height-default elementor-section-height-default\" data-id=\"ffd97bd\" data-element_type=\"section\">\n\t\t\t\t\t\t<div class=\"elementor-container elementor-column-gap-default\">\n\t\t\t\t\t<div class=\"elementor-column elementor-col-100 elementor-top-column elementor-element elementor-element-d6c424b\" data-id=\"d6c424b\" data-element_type=\"column\">\n\t\t\t<div class=\"elementor-widget-wrap elementor-element-populated\">\n\t\t\t\t\t\t<div class=\"elementor-element elementor-element-68f9b88 elementor-widget elementor-widget-image\" data-id=\"68f9b88\" data-element_type=\"widget\" data-widget_type=\"image.default\">\n\t\t\t\t<div class=\"elementor-widget-container\">\n\t\t\t\t\t\t\t\t\t\t\t\t\t<img fetchpriority=\"high\" decoding=\"async\" width=\"672\" height=\"227\" src=\"https:\/\/empleo.ugr.es\/salidasprofesionales\/wp-content\/uploads\/2020\/01\/ayuda.jpg\" class=\"attachment-full size-full wp-image-4021\" alt=\"\" srcset=\"https:\/\/empleo.ugr.es\/salidasprofesionales\/wp-content\/uploads\/2020\/01\/ayuda.jpg 672w, https:\/\/empleo.ugr.es\/salidasprofesionales\/wp-content\/uploads\/2020\/01\/ayuda-300x101.jpg 300w\" sizes=\"(max-width: 672px) 100vw, 672px\" \/>\t\t\t\t\t\t\t\t\t\t\t\t\t<\/div>\n\t\t\t\t<\/div>\n\t\t\t\t<div class=\"elementor-element elementor-element-a3db5c3 elementor-widget elementor-widget-heading\" data-id=\"a3db5c3\" data-element_type=\"widget\" data-widget_type=\"heading.default\">\n\t\t\t\t<div class=\"elementor-widget-container\">\n\t\t\t<h2 class=\"elementor-heading-title elementor-size-default\">Ayuda<\/h2>\t\t<\/div>\n\t\t\t\t<\/div>\n\t\t\t\t<div class=\"elementor-element elementor-element-920106b elementor-widget elementor-widget-text-editor\" data-id=\"920106b\" data-element_type=\"widget\" data-widget_type=\"text-editor.default\">\n\t\t\t\t<div class=\"elementor-widget-container\">\n\t\t\t\t\t\t\t<p>El punto de partida para la elaboraci\u00f3n de estas fichas ha sido fundamentalmente la formaci\u00f3n universitaria. Por tanto, el paso al contenido de cada una de ellas queda marcado con la selecci\u00f3n de cada Grado.<\/p><p>Para facilitar su consulta las fichas se han ordenado en 5 \u00e1reas de ense\u00f1anza, Arte y Humanidades, Ciencias, Sanitarias, Ingenier\u00eda y Arquitectura, y Sociales y Jur\u00eddicas.<\/p><p>En relaci\u00f3n con la estructura, los apartados que contienen cada una de las Fichas:<\/p><ul><li><strong>Descripci\u00f3n de la Titulaci\u00f3n<\/strong>: aspectos generales de los contenidos que se trabajan en cada titulaci\u00f3n.<\/li><li><strong>Perfil Competencial<\/strong>: est\u00e1 formado por el conjunto de competencias generales y espec\u00edficas, que se han ido adquiriendo durante el estudio de dicho Grado.<\/li><li><strong>\u00c1mbito Profesional<\/strong>: descripci\u00f3n de las diferentes \u00e1reas profesionales, sectores profesionales y ocupaciones relacionadas con el Grado.<\/li><li><strong>Mercado de Trabajo<\/strong>: informaci\u00f3n detallada y actualizada de distintas fuentes, destacando especialmente los datos ofrecidos por el Servicio P\u00fablico de Empleo Estatal (SEPE) y por el Consejer\u00eda de Econom\u00eda, Innovaci\u00f3n, Ciencia y Empleo de la Junta de Andaluc\u00eda.<\/li><li><strong>Perspectivas laborales<\/strong>: de forma orientativa, se presenta informaci\u00f3n, de c\u00f3mo podr\u00eda encontrarse el mercado de trabajo a corto o medio plazo.<\/li><li><strong>Direcciones de inter\u00e9s<\/strong>: informaci\u00f3n que puede ser \u00fatil al universitario en su b\u00fasqueda de empleo.<\/li><li><strong>Otras consideraciones<\/strong>: recomendaciones en general para mejorar las posibilidades de inserci\u00f3n de los graduados\/as universitarios\/as<\/li><\/ul><p>Igualmente se pretende que a trav\u00e9s de cada Ficha, se pueda acceder a la m\u00e1xima informaci\u00f3n \u00fatil, para aquella persona que utiliza la Gu\u00eda, a trav\u00e9s de banners o enlaces.<\/p><p>Las descripciones realizadas en algunos apartados, se basan en datos referidos al mercado de trabajo, pero es preciso no perder de vista que el mercado de trabajo es din\u00e1mico y est\u00e1 expuesto a cambios continuos a los que aqu\u00ed no podemos referirnos.<\/p><p>En cualquier caso, remitimos a los usuarios de este material a resolver cualquier duda o ampliar cualquier aspecto o informaci\u00f3n en el Centro de Promoci\u00f3n de Empleo y Pr\u00e1cticas de la Universidad de Granada.<\/p>\t\t\t\t\t\t<\/div>\n\t\t\t\t<\/div>\n\t\t\t\t\t<\/div>\n\t\t<\/div>\n\t\t\t\t\t<\/div>\n\t\t<\/section>\n\t\t\t\t<\/div>\n\t\t","protected":false},"excerpt":{"rendered":"<p>Ayuda El punto de partida para la elaboraci\u00f3n de estas fichas ha sido fundamentalmente la formaci\u00f3n universitaria. Por tanto, el paso al contenido de cada una de ellas queda marcado con la selecci\u00f3n de cada Grado. Para facilitar su consulta las fichas se han ordenado en 5 \u00e1reas de ense\u00f1anza, Arte y Humanidades, Ciencias, Sanitarias, [&hellip;]<\/p>\n","protected":false},"author":2,"featured_media":0,"parent":0,"menu_order":0,"comment_status":"closed","ping_status":"open","template":"","meta":{"footnotes":""},"acf":[],"_links":{"self":[{"href":"https:\/\/empleo.ugr.es\/salidasprofesionales\/wp-json\/wp\/v2\/pages\/358"}],"collection":[{"href":"https:\/\/empleo.ugr.es\/salidasprofesionales\/wp-json\/wp\/v2\/pages"}],"about":[{"href":"https:\/\/empleo.ugr.es\/salidasprofesionales\/wp-json\/wp\/v2\/types\/page"}],"author":[{"embeddable":true,"href":"https:\/\/empleo.ugr.es\/salidasprofesionales\/wp-json\/wp\/v2\/users\/2"}],"replies":[{"embeddable":true,"href":"https:\/\/empleo.ugr.es\/salidasprofesionales\/wp-json\/wp\/v2\/comments?post=358"}],"version-history":[{"count":13,"href":"https:\/\/empleo.ugr.es\/salidasprofesionales\/wp-json\/wp\/v2\/pages\/358\/revisions"}],"predecessor-version":[{"id":4037,"href":"https:\/\/empleo.ugr.es\/salidasprofesionales\/wp-json\/wp\/v2\/pages\/358\/revisions\/4037"}],"wp:attachment":[{"href":"https:\/\/empleo.ugr.es\/salidasprofesionales\/wp-json\/wp\/v2\/media?parent=358"}],"curies":[{"name":"wp","href":"https:\/\/api.w.org\/{rel}","templated":true}]}}